{"id":32,"date":"2026-04-07T11:16:23","date_gmt":"2026-04-07T11:16:23","guid":{"rendered":"https:\/\/przychodniawet-chopina.pl\/index.php\/strona-glowna\/"},"modified":"2026-04-07T12:25:15","modified_gmt":"2026-04-07T12:25:15","slug":"strona-glowna","status":"publish","type":"page","link":"https:\/\/przychodniawet-chopina.pl\/","title":{"rendered":"Strona g\u0142\u00f3wna"},"content":{"rendered":"\t\t<div data-elementor-type=\"wp-page\" data-elementor-id=\"32\" class=\"elementor elementor-32\">\n\t\t\t\t<div class=\"elementor-element elementor-element-0cbd8d7 e-con-full e-flex e-con e-parent\" data-id=\"0cbd8d7\" data-element_type=\"container\" data-e-type=\"container\" data-settings=\"{&quot;background_background&quot;:&quot;classic&quot;}\">\n\t\t<div class=\"elementor-element elementor-element-5e03ecf e-con-full e-flex e-con e-child\" data-id=\"5e03ecf\" data-element_type=\"container\" data-e-type=\"container\">\n\t\t\t\t<div class=\"elementor-element elementor-element-7c94449 elementor-widget elementor-widget-heading\" data-id=\"7c94449\" data-element_type=\"widget\" data-e-type=\"widget\" data-widget_type=\"heading.default\">\n\t\t\t\t\t<h2 class=\"elementor-heading-title elementor-size-default\">Witamy w Przychodni Weterynaryjnej Ma\u0142ych Zwierz\u0105t<\/h2>\t\t\t\t<\/div>\n\t\t\t\t<\/div>\n\t\t<div class=\"elementor-element elementor-element-5f74989 e-con-full e-flex e-con e-child\" data-id=\"5f74989\" data-element_type=\"container\" data-e-type=\"container\">\n\t\t\t\t<div class=\"elementor-element elementor-element-6239828 elementor-widget elementor-widget-text-editor\" data-id=\"6239828\" data-element_type=\"widget\" data-e-type=\"widget\" data-widget_type=\"text-editor.default\">\n\t\t\t\t\t\t\t\t\t<p>Nasza oferta us\u0142ug weterynaryjnych jest stworzona z my\u015bl\u0105 o Twoim pupilu. Zajmujemy si\u0119 diagnostyk\u0105, leczeniem oraz profilaktyk\u0105 zdrowia zwierz\u0105t. Nasi do\u015bwiadczeni lekarze s\u0142u\u017c\u0105 fachow\u0105 pomoc\u0105, zapewniaj\u0105c najwy\u017csz\u0105 jako\u015b\u0107 opieki. Jeste\u015bmy tu, aby wspiera\u0107 Ciebie i Twojego zwierzaka w ka\u017cdej sytuacji.<\/p>\t\t\t\t\t\t\t\t<\/div>\n\t\t\t\t<\/div>\n\t\t\t\t<\/div>\n\t\t<div class=\"elementor-element elementor-element-edc91cc e-flex e-con-boxed e-con e-parent\" data-id=\"edc91cc\" data-element_type=\"container\" data-e-type=\"container\">\n\t\t\t\t\t<div class=\"e-con-inner\">\n\t\t<div class=\"elementor-element elementor-element-62d4ba8 e-con-full e-flex e-con e-child\" data-id=\"62d4ba8\" data-element_type=\"container\" data-e-type=\"container\">\n\t\t<div class=\"elementor-element elementor-element-6aac3a4 e-con-full e-flex e-con e-child\" data-id=\"6aac3a4\" data-element_type=\"container\" data-e-type=\"container\">\n\t\t\t\t<div class=\"elementor-element elementor-element-c98cf63 elementor-widget elementor-widget-heading\" data-id=\"c98cf63\" data-element_type=\"widget\" data-e-type=\"widget\" data-widget_type=\"heading.default\">\n\t\t\t\t\t<h2 class=\"elementor-heading-title elementor-size-default\">Aktualno\u015bci z naszej przychodni<\/h2>\t\t\t\t<\/div>\n\t\t\t\t<div class=\"elementor-element elementor-element-65c3785 elementor-widget elementor-widget-heading\" data-id=\"65c3785\" data-element_type=\"widget\" data-e-type=\"widget\" data-widget_type=\"heading.default\">\n\t\t\t\t\t<h5 class=\"elementor-heading-title elementor-size-default\">Zapoznaj si\u0119 z najnowszymi informacjami<\/h5>\t\t\t\t<\/div>\n\t\t\t\t<\/div>\n\t\t<div class=\"elementor-element elementor-element-ff6683b e-con-full e-flex e-con e-child\" data-id=\"ff6683b\" data-element_type=\"container\" data-e-type=\"container\">\n\t\t\t\t<div class=\"elementor-element elementor-element-8217732 elementor-widget__width-auto elementor-align-right elementor-widget elementor-widget-button\" data-id=\"8217732\" data-element_type=\"widget\" data-e-type=\"widget\" data-widget_type=\"button.default\">\n\t\t\t\t\t\t\t\t\t\t<a class=\"elementor-button elementor-button-link elementor-size-sm\" href=\"#\">\n\t\t\t\t\t\t<span class=\"elementor-button-content-wrapper\">\n\t\t\t\t\t\t\t\t\t<span class=\"elementor-button-text\">Zobacz Wi\u0119cej<\/span>\n\t\t\t\t\t<\/span>\n\t\t\t\t\t<\/a>\n\t\t\t\t\t\t\t\t<\/div>\n\t\t\t\t<\/div>\n\t\t\t\t<\/div>\n\t\t\t\t\t<\/div>\n\t\t\t\t<\/div>\n\t\t<div class=\"elementor-element elementor-element-72e2ed4 e-flex e-con-boxed e-con e-parent\" data-id=\"72e2ed4\" data-element_type=\"container\" data-e-type=\"container\" data-settings=\"{&quot;background_background&quot;:&quot;classic&quot;}\">\n\t\t\t\t\t<div class=\"e-con-inner\">\n\t\t<div class=\"elementor-element elementor-element-03b8974 e-con-full e-flex e-con e-child\" data-id=\"03b8974\" data-element_type=\"container\" data-e-type=\"container\" data-settings=\"{&quot;background_background&quot;:&quot;classic&quot;}\">\n\t\t\t\t\t\t\t\n\t\t<img class=\"e-image-base e-a449747-feb8c63\" \n\t\t\t\t\tdata-interaction-id=\"a449747\" \n\t\t \n\t\t \n\t\t\t\t\t\t\t\t\tid=\"51\"\n\t\t\t\t\t\t\t\t\t\t\t\tsrc=\"https:\/\/przychodniawet-chopina.pl\/wp-content\/uploads\/2026\/04\/1-142.jpg\"\n\t\t\t\t\t\t\t\t\t\t\t\twidth=\"800\"\n\t\t\t\t\t\t\t\t\t\t\t\theight=\"1200\"\n\t\t\t\t\t\t\t\t\t\t\t\tsrcset=\"https:\/\/przychodniawet-chopina.pl\/wp-content\/uploads\/2026\/04\/1-142.jpg 800w, https:\/\/przychodniawet-chopina.pl\/wp-content\/uploads\/2026\/04\/1-142-200x300.jpg 200w, https:\/\/przychodniawet-chopina.pl\/wp-content\/uploads\/2026\/04\/1-142-683x1024.jpg 683w, https:\/\/przychodniawet-chopina.pl\/wp-content\/uploads\/2026\/04\/1-142-768x1152.jpg 768w\"\n\t\t\t\t\t\t\t\t\t\t\t\talt=\"\"\n\t\t\t\t\t\t\/>\n\t\t\t\t\t<\/div>\n\t\t<div class=\"elementor-element elementor-element-8dee35f e-con-full e-flex e-con e-child\" data-id=\"8dee35f\" data-element_type=\"container\" data-e-type=\"container\">\n\t\t\t\t<div class=\"elementor-element elementor-element-1133693 elementor-widget elementor-widget-heading\" data-id=\"1133693\" data-element_type=\"widget\" data-e-type=\"widget\" data-widget_type=\"heading.default\">\n\t\t\t\t\t<h2 class=\"elementor-heading-title elementor-size-default\">Nasz zesp\u00f3\u0142<\/h2>\t\t\t\t<\/div>\n\t\t\t\t<div class=\"elementor-element elementor-element-1f7eef0 elementor-widget elementor-widget-text-editor\" data-id=\"1f7eef0\" data-element_type=\"widget\" data-e-type=\"widget\" data-widget_type=\"text-editor.default\">\n\t\t\t\t\t\t\t\t\tNaszym celem jest zapewnienie najwy\u017cszej jako\u015bci opieki weterynaryjnej, aby ka\u017cdy pupil m\u00f3g\u0142 cieszy\u0107 si\u0119 zdrowiem i szcz\u0119\u015bciem. D\u0105\u017cymy do stworzenia bezpiecznego i wspieraj\u0105cego \u015brodowiska, w kt\u00f3rym zwierz\u0119ta i ich w\u0142a\u015bciciele b\u0119d\u0105 czuli si\u0119 komfortowo. Wierzymy w rozw\u00f3j naszego zespo\u0142u oraz nieustanne doskonalenie naszych us\u0142ug, by sprosta\u0107 oczekiwaniom naszych pacjent\u00f3w i ich opiekun\u00f3w.\t\t\t\t\t\t\t\t<\/div>\n\t\t\t\t<\/div>\n\t\t\t\t\t<\/div>\n\t\t\t\t<\/div>\n\t\t<div class=\"elementor-element elementor-element-de03d44 e-flex e-con-boxed e-con e-parent\" data-id=\"de03d44\" data-element_type=\"container\" data-e-type=\"container\">\n\t\t\t\t\t<div class=\"e-con-inner\">\n\t\t<div class=\"elementor-element elementor-element-8c69c24 e-con-full e-flex e-con e-child\" data-id=\"8c69c24\" data-element_type=\"container\" data-e-type=\"container\" data-settings=\"{&quot;background_background&quot;:&quot;classic&quot;}\">\n\t\t\t\t<div class=\"elementor-element elementor-element-ca59447 elementor-widget__width-inherit elementor-widget elementor-widget-heading\" data-id=\"ca59447\" data-element_type=\"widget\" data-e-type=\"widget\" data-widget_type=\"heading.default\">\n\t\t\t\t\t<h2 class=\"elementor-heading-title elementor-size-default\">Skontaktuj si\u0119 z nami ju\u017c dzi\u015b!<\/h2>\t\t\t\t<\/div>\n\t\t\t\t<div class=\"elementor-element elementor-element-a7962cb elementor-widget__width-auto elementor-widget elementor-widget-button\" data-id=\"a7962cb\" data-element_type=\"widget\" data-e-type=\"widget\" data-widget_type=\"button.default\">\n\t\t\t\t\t\t\t\t\t\t<a class=\"elementor-button elementor-button-link elementor-size-sm\" href=\"#\">\n\t\t\t\t\t\t<span class=\"elementor-button-content-wrapper\">\n\t\t\t\t\t\t\t\t\t<span class=\"elementor-button-text\">Kontakt<\/span>\n\t\t\t\t\t<\/span>\n\t\t\t\t\t<\/a>\n\t\t\t\t\t\t\t\t<\/div>\n\t\t\t\t<\/div>\n\t\t\t\t\t<\/div>\n\t\t\t\t<\/div>\n\t\t\t\t<\/div>\n\t\t","protected":false},"excerpt":{"rendered":"<p>Witamy w Przychodni Weterynaryjnej Ma\u0142ych Zwierz\u0105t Nasza oferta us\u0142ug weterynaryjnych jest stworzona z my\u015bl\u0105 o Twoim pupilu. Zajmujemy si\u0119 diagnostyk\u0105, leczeniem oraz profilaktyk\u0105 zdrowia zwierz\u0105t. Nasi do\u015bwiadczeni lekarze s\u0142u\u017c\u0105 fachow\u0105 pomoc\u0105, zapewniaj\u0105c najwy\u017csz\u0105 jako\u015b\u0107 opieki. Jeste\u015bmy tu, aby wspiera\u0107 Ciebie i Twojego zwierzaka w ka\u017cdej sytuacji. Aktualno\u015bci z naszej przychodni Zapoznaj si\u0119 z najnowszymi informacjami [&hellip;]<\/p>\n","protected":false},"author":1,"featured_media":9,"parent":0,"menu_order":0,"comment_status":"closed","ping_status":"closed","template":"elementor_canvas","meta":{"footnotes":""},"class_list":["post-32","page","type-page","status-publish","has-post-thumbnail","hentry"],"_links":{"self":[{"href":"https:\/\/przychodniawet-chopina.pl\/index.php\/wp-json\/wp\/v2\/pages\/32","targetHints":{"allow":["GET"]}}],"collection":[{"href":"https:\/\/przychodniawet-chopina.pl\/index.php\/wp-json\/wp\/v2\/pages"}],"about":[{"href":"https:\/\/przychodniawet-chopina.pl\/index.php\/wp-json\/wp\/v2\/types\/page"}],"author":[{"embeddable":true,"href":"https:\/\/przychodniawet-chopina.pl\/index.php\/wp-json\/wp\/v2\/users\/1"}],"replies":[{"embeddable":true,"href":"https:\/\/przychodniawet-chopina.pl\/index.php\/wp-json\/wp\/v2\/comments?post=32"}],"version-history":[{"count":17,"href":"https:\/\/przychodniawet-chopina.pl\/index.php\/wp-json\/wp\/v2\/pages\/32\/revisions"}],"predecessor-version":[{"id":84,"href":"https:\/\/przychodniawet-chopina.pl\/index.php\/wp-json\/wp\/v2\/pages\/32\/revisions\/84"}],"wp:featuredmedia":[{"embeddable":true,"href":"https:\/\/przychodniawet-chopina.pl\/index.php\/wp-json\/wp\/v2\/media\/9"}],"wp:attachment":[{"href":"https:\/\/przychodniawet-chopina.pl\/index.php\/wp-json\/wp\/v2\/media?parent=32"}],"curies":[{"name":"wp","href":"https:\/\/api.w.org\/{rel}","templated":true}]}}